{"id":101,"date":"2021-04-26T04:17:27","date_gmt":"2021-04-26T01:17:27","guid":{"rendered":"http:\/\/kod-a.com\/iletisim\/"},"modified":"2021-08-28T12:24:38","modified_gmt":"2021-08-28T09:24:38","slug":"contact","status":"publish","type":"page","link":"https:\/\/kod-a.com\/en\/contact\/","title":{"rendered":"Contact"},"content":{"rendered":"<div class=\"wpb-content-wrapper\"><p>[vc_row][vc_column width=&#8221;1\/2&#8243;][gva_contact_info title=&#8221;\u0130stanbul&#8221; description=&#8221;Main Office&#8221; address=&#8221;Maslak, \u0130T\u00dc Ayaza\u011fa Kamp\u00fcs\u00fc, ARI-1 Teknokent No:10, 34467 Sar\u0131yer\/\u0130stanbul&#8221; phone=&#8221;+90 (212) 276 52 97 | Fax: +90 (212) 285 13 70&#8243; email=&#8221;info@kod-a.com&#8221; website=&#8221;kod-a.com&#8221;][vc_empty_space height=&#8221;64px&#8221;][\/vc_column][vc_column width=&#8221;1\/2&#8243;][vc_gmaps link=&#8221;#E-8_JTNDaWZyYW1lJTIwc3JjJTNEJTIyaHR0cHMlM0ElMkYlMkZ3d3cuZ29vZ2xlLmNvbSUyRm1hcHMlMkZlbWJlZCUzRnBiJTNEJTIxMW0xOCUyMTFtMTIlMjExbTMlMjExZDEwMTExLjYzMjgyNzU4Njg1JTIxMmQyOS4wMTUxMDI3NTgzNDEwMyUyMTNkNDEuMTA4MTgyNTk3ODkyMDQ2JTIxMm0zJTIxMWYwJTIxMmYwJTIxM2YwJTIxM20yJTIxMWkxMDI0JTIxMmk3NjglMjE0ZjEzLjElMjEzbTMlMjExbTIlMjExczB4MCUyNTNBMHhlMmI2OWI4YWY3Y2E0ZjQ5JTIxMnNLb2QtQSUyMTVlMCUyMTNtMiUyMTFzdHIlMjEyc3RyJTIxNHYxNjI5OTgxMTc5MDkzJTIxNW0yJTIxMXN0ciUyMTJzdHIlMjIlMjB3aWR0aCUzRCUyMjYwMCUyMiUyMGhlaWdodCUzRCUyMjQ1MCUyMiUyMHN0eWxlJTNEJTIyYm9yZGVyJTNBMCUzQiUyMiUyMGFsbG93ZnVsbHNjcmVlbiUzRCUyMiUyMiUyMGxvYWRpbmclM0QlMjJsYXp5JTIyJTNFJTNDJTJGaWZyYW1lJTNF&#8221;][\/vc_column][\/vc_row][vc_row][vc_column width=&#8221;1\/2&#8243;][gva_contact_info title=&#8221;\u0130ZM\u0130R&#8221; description=&#8221;Archive City&#8221; address=&#8221;9. Sk. No:42, 35865 \u0130TOB Organize Sanayi B\u00f6lgesi\/Menderes\/\u0130zmir&#8221; phone=&#8221;+90 (232) 281 21 93&#8243; email=&#8221;info@kod-a.com&#8221; website=&#8221;kod-a.com&#8221;][vc_empty_space height=&#8221;64px&#8221;][\/vc_column][vc_column width=&#8221;1\/2&#8243;][vc_gmaps link=&#8221;#E-8_JTNDaWZyYW1lJTIwc3JjJTNEJTIyaHR0cHMlM0ElMkYlMkZ3d3cuZ29vZ2xlLmNvbSUyRm1hcHMlMkZlbWJlZCUzRnBiJTNEJTIxMW0xOCUyMTFtMTIlMjExbTMlMjExZDMxMzUuNjAxMjE3NjEzNjE0JTIxMmQyNy4yMDUxNDU5MTQ2ODYzNDglMjEzZDM4LjE5NTkzNjI5NTU5MDQyJTIxMm0zJTIxMWYwJTIxMmYwJTIxM2YwJTIxM20yJTIxMWkxMDI0JTIxMmk3NjglMjE0ZjEzLjElMjEzbTMlMjExbTIlMjExczB4MTRiOTU4ZTg1ZmQ0MzJmMSUyNTNBMHhiODUzMmViZjk1OWJjZmMyJTIxMnNLb2QtQSUyNTIwQmlsaSUyNUM1JTI1OUZpbSUyNTIwQXIlMjVDNSUyNTlGaXYlMjUyMEtlbnQlMjE1ZTAlMjEzbTIlMjExc3RyJTIxMnN0ciUyMTR2MTYxOTM5OTY5MTQzOSUyMTVtMiUyMTFzdHIlMjEyc3RyJTIyJTIwd2lkdGglM0QlMjI2MDAlMjIlMjBoZWlnaHQlM0QlMjI0NTAlMjIlMjBzdHlsZSUzRCUyMmJvcmRlciUzQTAlM0IlMjIlMjBhbGxvd2Z1bGxzY3JlZW4lM0QlMjIlMjIlMjBsb2FkaW5nJTNEJTIybGF6eSUyMiUzRSUzQyUyRmlmcmFtZSUzRQ==&#8221;][\/vc_column][\/vc_row][vc_row][vc_column][gva_block_heading title=&#8221;Contact Form&#8221; html_tags=&#8221;h3&#8243; desc=&#8221;You can contact us by filling out the form&#8221;]\n<div class=\"wpcf7 no-js\" id=\"wpcf7-f1702-o1\" lang=\"en-US\" dir=\"ltr\">\n<div class=\"screen-reader-response\"><p role=\"status\" aria-live=\"polite\" aria-atomic=\"true\"><\/p> <ul><\/ul><\/div>\n<form action=\"\/en\/wp-json\/wp\/v2\/pages\/101#wpcf7-f1702-o1\" method=\"post\" class=\"wpcf7-form init\" aria-label=\"Contact form\" novalidate=\"novalidate\" data-status=\"init\">\n<div style=\"display: none;\">\n<input type=\"hidden\" name=\"_wpcf7\" value=\"1702\" \/>\n<input type=\"hidden\" name=\"_wpcf7_version\" value=\"5.9.8\" \/>\n<input type=\"hidden\" name=\"_wpcf7_locale\" value=\"en_US\" \/>\n<input type=\"hidden\" name=\"_wpcf7_unit_tag\" value=\"wpcf7-f1702-o1\" \/>\n<input type=\"hidden\" name=\"_wpcf7_container_post\" value=\"0\" \/>\n<input type=\"hidden\" name=\"_wpcf7_posted_data_hash\" value=\"\" \/>\n<input type=\"hidden\" name=\"_wpcf7_recaptcha_response\" value=\"\" \/>\n<\/div>\n<div class=\"row\">\n\t<div class=\"col-md-4\">\n\t\t<p><span class=\"wpcf7-form-control-wrap\" data-name=\"your-name\"><input size=\"40\" maxlength=\"120\" minlength=\"3\" class=\"wpcf7-form-control wpcf7-text wpcf7-validates-as-required\" autocomplete=\"given-name\" aria-required=\"true\" aria-invalid=\"false\" placeholder=\"Full Name\" value=\"\" type=\"text\" name=\"your-name\" \/><\/span>\n\t\t<\/p>\n\t<\/div>\n\t<div class=\"col-md-4\">\n\t\t<p><span class=\"wpcf7-form-control-wrap\" data-name=\"your-email\"><input size=\"40\" maxlength=\"100\" minlength=\"10\" class=\"wpcf7-form-control wpcf7-email wpcf7-validates-as-required wpcf7-text wpcf7-validates-as-email\" autocomplete=\"email\" aria-required=\"true\" aria-invalid=\"false\" placeholder=\"E-Mail\" value=\"\" type=\"email\" name=\"your-email\" \/><\/span>\n\t\t<\/p>\n\t<\/div>\n\t<div class=\"col-md-4\">\n\t\t<p><span class=\"wpcf7-form-control-wrap\" data-name=\"your-phone\"><input size=\"40\" maxlength=\"15\" minlength=\"10\" class=\"wpcf7-form-control wpcf7-phonetext wpcf7-validates-as-required wpcf7-text wpcf7-validates-as-phonetext phone\" autocomplete=\"tel\" data-numberonly=\"true\" aria-required=\"true\" aria-invalid=\"false\" value=\"\" type=\"text\" name=\"your-phone\" \/><input type=\"hidden\" name=\"your-phone-country-code\" class=\"wpcf7-phonetext-country-code\" \/><\/span>\n\t\t<\/p>\n\t<\/div>\n\t<div class=\"col-md-12\">\n\t\t<p><span class=\"wpcf7-form-control-wrap\" data-name=\"your-message\"><textarea cols=\"40\" rows=\"4\" maxlength=\"2000\" class=\"wpcf7-form-control wpcf7-textarea\" aria-invalid=\"false\" placeholder=\"Message\" name=\"your-message\"><\/textarea><\/span>\n\t\t<\/p>\n\t<\/div>\n\t<div class=\"col-md-12\">\n\t\t<p><span class=\"wpcf7-form-control-wrap\" data-name=\"kvkk\"><span class=\"wpcf7-form-control wpcf7-acceptance\"><span class=\"wpcf7-list-item\"><label><input type=\"checkbox\" name=\"kvkk\" value=\"1\" aria-invalid=\"false\" \/><span class=\"wpcf7-list-item-label\">I have read and accept the <u><a href=\"\/en\/gdpr-privacy-policy\" target=\"_blank\">Privacy Policy<\/a><\/u>.<\/span><\/label><\/span><\/span><\/span>\n\t\t<\/p>\n\t<\/div>\n\t<div class=\"col-md-12 action\">\n\t\t<p><input class=\"wpcf7-form-control wpcf7-submit has-spinner\" type=\"submit\" value=\"Send\" \/>\n\t\t<\/p>\n\t<\/div>\n<\/div>\n<div class=\"hidden\">\n\t<p><span class=\"wpcf7-form-control-wrap\" data-name=\"your-country\"><input size=\"40\" class=\"wpcf7-form-control wpcf7-countrytext wpcf7-text wpcf7-validates-as-countrytext\" aria-invalid=\"false\" value=\"\" type=\"text\" name=\"your-country\" \/><\/span><br \/>\n<span id=\"wpcf7-69f86257280c8-wrapper\" class=\"wpcf7-form-control-wrap email-wrap\" ><input type=\"hidden\" name=\"email-time-start\" value=\"1777885783\"><input type=\"hidden\" name=\"email-time-check\" value=\"4\"><label for=\"wpcf7-69f86257280c8-field\" class=\"hp-message\">Please leave this field empty.<\/label><input id=\"wpcf7-69f86257280c8-field\"  placeholder=\"E-mail\"  class=\"wpcf7-form-control wpcf7-text\" type=\"text\" name=\"email\" value=\"\" size=\"40\" tabindex=\"-1\" autocomplete=\"new-password\" \/><\/span><br \/>\n<div class=\"cf7-cf-turnstile\" style=\"margin-top: 0px; margin-bottom: -15px;\"> <div id=\"cf-turnstile-cf7-25141389\" class=\"cf-turnstile\" data-sitekey=\"0x4AAAAAAAQZyQcz1GlbsgKq\" data-theme=\"auto\" data-language=\"auto\" data-size=\"\" data-retry=\"auto\" data-retry-interval=\"1000\" data-refresh-expired=\"auto\" data-refresh-timeout=\"auto\" data-action=\"contact-form-7\" data-callback=\"turnstileCF7Callback\" data-appearance=\"interaction-only\"><\/div> <script>document.addEventListener(\"DOMContentLoaded\", function() { setTimeout(function(){ var e=document.getElementById(\"cf-turnstile-cf7-25141389\"); if(e&&!e.innerHTML.trim()){turnstile.render(e, {sitekey:\"0x4AAAAAAAQZyQcz1GlbsgKq\"});} }, 200); });<\/script> <style>#cf-turnstile-cf7-25141389 iframe { margin-bottom: 15px; }<\/style> <style>#cf-turnstile-cf7-25141389 { margin-left: -15px; }<\/style> <script>document.addEventListener(\"DOMContentLoaded\",function(){document.querySelectorAll('.wpcf7-form').forEach(function(e){e.addEventListener('submit',function(){if(document.getElementById('cf-turnstile-cf7-25141389')){setTimeout(function(){turnstile.reset('#cf-turnstile-cf7-25141389');},1000)}})})});<\/script> <\/div>\n<\/div><p style=\"display: none !important;\" class=\"akismet-fields-container\" data-prefix=\"_wpcf7_ak_\"><label>&#916;<textarea name=\"_wpcf7_ak_hp_textarea\" cols=\"45\" rows=\"8\" maxlength=\"100\"><\/textarea><\/label><input type=\"hidden\" id=\"ak_js_1\" name=\"_wpcf7_ak_js\" value=\"61\"\/><script type=\"text\/javascript\">\n\/* <![CDATA[ *\/\ndocument.getElementById( \"ak_js_1\" ).setAttribute( \"value\", ( new Date() ).getTime() );\n\/* ]]> *\/\n<\/script>\n<\/p><div class=\"wpcf7-response-output\" aria-hidden=\"true\"><\/div>\n<\/form>\n<\/div>\n[\/vc_column][\/vc_row]<\/p>\n<\/div>","protected":false},"excerpt":{"rendered":"<p>[vc_row][vc_column width=&#8221;1\/2&#8243;][gva_contact_info title=&#8221;\u0130stanbul&#8221; description=&#8221;Main Office&#8221; address=&#8221;Maslak, \u0130T\u00dc Ayaza\u011fa Kamp\u00fcs\u00fc, ARI-1 Teknokent No:10, 34467 Sar\u0131yer\/\u0130stanbul&#8221; phone=&#8221;+90 (212) 276 52 97 | Fax: +90 (212) 285 13 70&#8243; email=&#8221;info@kod-a.com&#8221; website=&#8221;kod-a.com&#8221;][vc_empty_space height=&#8221;64px&#8221;][\/vc_column][vc_column width=&#8221;1\/2&#8243;][vc_gmaps link=&#8221;#E-8_JTNDaWZyYW1lJTIwc3JjJTNEJTIyaHR0cHMlM0ElMkYlMkZ3d3cuZ29vZ2xlLmNvbSUyRm1hcHMlMkZlbWJlZCUzRnBiJTNEJTIxMW0xOCUyMTFtMTIlMjExbTMlMjExZDEwMTExLjYzMjgyNzU4Njg1JTIxMmQyOS4wMTUxMDI3NTgzNDEwMyUyMTNkNDEuMTA4MTgyNTk3ODkyMDQ2JTIxMm0zJTIxMWYwJTIxMmYwJTIxM2YwJTIxM20yJTIxMWkxMDI0JTIxMmk3NjglMjE0ZjEzLjElMjEzbTMlMjExbTIlMjExczB4MCUyNTNBMHhlMmI2OWI4YWY3Y2E0ZjQ5JTIxMnNLb2QtQSUyMTVlMCUyMTNtMiUyMTFzdHIlMjEyc3RyJTIxNHYxNjI5OTgxMTc5MDkzJTIxNW0yJTIxMXN0ciUyMTJzdHIlMjIlMjB3aWR0aCUzRCUyMjYwMCUyMiUyMGhlaWdodCUzRCUyMjQ1MCUyMiUyMHN0eWxlJTNEJTIyYm9yZGVyJTNBMCUzQiUyMiUyMGFsbG93ZnVsbHNjcmVlbiUzRCUyMiUyMiUyMGxvYWRpbmclM0QlMjJsYXp5JTIyJTNFJTNDJTJGaWZyYW1lJTNF&#8221;][\/vc_column][\/vc_row][vc_row][vc_column width=&#8221;1\/2&#8243;][gva_contact_info title=&#8221;\u0130ZM\u0130R&#8221; description=&#8221;Archive City&#8221; address=&#8221;9. Sk. No:42, 35865 \u0130TOB Organize Sanayi B\u00f6lgesi\/Menderes\/\u0130zmir&#8221; phone=&#8221;+90 (232) 281 21 93&#8243; email=&#8221;info@kod-a.com&#8221; website=&#8221;kod-a.com&#8221;][vc_empty_space height=&#8221;64px&#8221;][\/vc_column][vc_column width=&#8221;1\/2&#8243;][vc_gmaps link=&#8221;#E-8_JTNDaWZyYW1lJTIwc3JjJTNEJTIyaHR0cHMlM0ElMkYlMkZ3d3cuZ29vZ2xlLmNvbSUyRm1hcHMlMkZlbWJlZCUzRnBiJTNEJTIxMW0xOCUyMTFtMTIlMjExbTMlMjExZDMxMzUuNjAxMjE3NjEzNjE0JTIxMmQyNy4yMDUxNDU5MTQ2ODYzNDglMjEzZDM4LjE5NTkzNjI5NTU5MDQyJTIxMm0zJTIxMWYwJTIxMmYwJTIxM2YwJTIxM20yJTIxMWkxMDI0JTIxMmk3NjglMjE0ZjEzLjElMjEzbTMlMjExbTIlMjExczB4MTRiOTU4ZTg1ZmQ0MzJmMSUyNTNBMHhiODUzMmViZjk1OWJjZmMyJTIxMnNLb2QtQSUyNTIwQmlsaSUyNUM1JTI1OUZpbSUyNTIwQXIlMjVDNSUyNTlGaXYlMjUyMEtlbnQlMjE1ZTAlMjEzbTIlMjExc3RyJTIxMnN0ciUyMTR2MTYxOTM5OTY5MTQzOSUyMTVtMiUyMTFzdHIlMjEyc3RyJTIyJTIwd2lkdGglM0QlMjI2MDAlMjIlMjBoZWlnaHQlM0QlMjI0NTAlMjIlMjBzdHlsZSUzRCUyMmJvcmRlciUzQTAlM0IlMjIlMjBhbGxvd2Z1bGxzY3JlZW4lM0QlMjIlMjIlMjBsb2FkaW5nJTNEJTIybGF6eSUyMiUzRSUzQyUyRmlmcmFtZSUzRQ==&#8221;][\/vc_column][\/vc_row][vc_row][vc_column][gva_block_heading title=&#8221;Contact Form&#8221; [&hellip;]<\/p>\n","protected":false},"author":2,"featured_media":0,"parent":0,"menu_order":0,"comment_status":"closed","ping_status":"closed","template":"","meta":{"inline_featured_image":false,"footnotes":""},"_links":{"self":[{"href":"https:\/\/kod-a.com\/en\/wp-json\/wp\/v2\/pages\/101"}],"collection":[{"href":"https:\/\/kod-a.com\/en\/wp-json\/wp\/v2\/pages"}],"about":[{"href":"https:\/\/kod-a.com\/en\/wp-json\/wp\/v2\/types\/page"}],"author":[{"embeddable":true,"href":"https:\/\/kod-a.com\/en\/wp-json\/wp\/v2\/users\/2"}],"replies":[{"embeddable":true,"href":"https:\/\/kod-a.com\/en\/wp-json\/wp\/v2\/comments?post=101"}],"version-history":[{"count":0,"href":"https:\/\/kod-a.com\/en\/wp-json\/wp\/v2\/pages\/101\/revisions"}],"wp:attachment":[{"href":"https:\/\/kod-a.com\/en\/wp-json\/wp\/v2\/media?parent=101"}],"curies":[{"name":"wp","href":"https:\/\/api.w.org\/{rel}","templated":true}]}}