{"id":15049,"date":"2024-12-20T12:56:17","date_gmt":"2024-12-20T09:56:17","guid":{"rendered":"https:\/\/kod-a.com\/referanslar\/"},"modified":"2025-01-02T22:05:21","modified_gmt":"2025-01-02T19:05:21","slug":"references","status":"publish","type":"page","link":"https:\/\/kod-a.com\/en\/references\/","title":{"rendered":"References"},"content":{"rendered":"<div class=\"wpb-content-wrapper\"><p>[vc_row][vc_column][vc_row_inner][vc_column_inner width=&#8221;1\/2&#8243;][vc_column_text]<\/p>\n<blockquote><p><span style=\"font-size: 15px;\">&#8220;With the integrated document and archive management solution developed by KodA for our group companies T\u00fcrk Telekom, TTNet, and TT Mobil, along with the services provided, we have digitized our document processes and integrated them with our CRM systems. This has enhanced efficiency in our business workflows, improved compliance with BTK regulations, reduced operational costs, and increased customer satisfaction.&#8221;<\/span><\/p>\n<h5><strong>Suat Kerim Oral<br \/>\nDocument Control and Archive Manager<br \/>\nTurk Telecom Group<\/strong><\/h5>\n<\/blockquote>\n<p>[\/vc_column_text][\/vc_column_inner][vc_column_inner width=&#8221;1\/2&#8243;][vc_column_text]<\/p>\n<blockquote><p><span style=\"font-size: 15px;\">&#8220;We are happy to work with KodA and GreenDocs in our DMS project. Digitizing our document processes, integrating DMS, Archiving, and CRM applications increased our efficiency and productivity in the relevant workflows.&#8221;<\/span><\/p>\n<h5><strong>Haydar Y\u0131lmaz<br \/>\nHead of Data Analytics &amp; IT Ops Eng.<br \/>\nVodafone<\/strong><\/h5>\n<\/blockquote>\n<p>[\/vc_column_text][\/vc_column_inner][\/vc_row_inner][vc_empty_space][gva_brands per_page=&#8221;20&#8243; items_lg=&#8221;4&#8243; items_md=&#8221;3&#8243; items_sm=&#8221;2&#8243; items_xs=&#8221;1&#8243;][\/vc_column][\/vc_row][vc_row][vc_column][gva_block_heading title=&#8221;Some of Our Document and Records Management Software and Services References:&#8221; style=&#8221;style-2&#8243; align=&#8221;align-left&#8221; html_tags=&#8221;h3&#8243;][vc_column_text]<\/p>\n<h4>Telecommunications<\/h4>\n<p>T\u00fcrk Telekom, TTNET, TTMobil, Avea, Vodafone, Vodafone Net, Turkcell, T\u00fcrksat, Borusan Telekom, T\u00fcrkkep, EDM Bili\u015fim<\/p>\n<p>&nbsp;<\/p>\n<h4>Finance<\/h4>\n<p>\u0130\u015f Bankas\u0131, Vak\u0131fbank, Vak\u0131f Emeklilik, Akbank, TEB, Yap\u0131 Kredi Bankas\u0131, Halkbank, Garanti Bankas\u0131, Kalk\u0131nma Bankas\u0131<\/p>\n<p>&nbsp;<\/p>\n<h4>Energy<\/h4>\n<p>Osmangazi Elektrik Perakende A.\u015e. TEDA\u015e, Ba\u015fkent EDA\u015e, AYEDA\u015e, TOROSLAR EDA\u015e, YEDA\u015e, \u0130GDA\u015e, AGDA\u015e, Kayseri Gaz, Petrol Ofisi, GED\u0130Z Elektrik Da\u011f\u0131t\u0131m A\u015e, AYDEM Elektrik Da\u011f\u0131t\u0131m A\u015e, \u0130zmir Gaz, Eski\u015fehir Gaz, Akdeniz EDA\u015e, ENERJ\u0130SA, Bo\u011fazi\u00e7i Elektrik Da\u011f\u0131t\u0131m A\u015e, Zorlu Enerji Elektrik \u00dcretim A\u015e, Aytemiz Akaryak\u0131t Da\u011f\u0131t\u0131m A\u015e, Kolin Enerji Yat\u0131r\u0131mlar\u0131 A\u015e, \u00c7al\u0131k Ye\u015fil\u0131rmak Elektrik Da\u011f\u0131t\u0131m A\u015e. Beda Enerji, TE\u0130A\u015e<\/p>\n<p>&nbsp;<\/p>\n<h4>Health<\/h4>\n<p>MEMORIAL, \u0130zmir Tepecik E\u011fitim ve Ara\u015ft\u0131rma Hastanesi, Bursa Uluda\u011f \u00dcniversitesi Hastanesi, Erzurum B\u00f6lge E\u011fitim ve Ara\u015ft\u0131rma Hastanesi, Gaziantep \u00c7ocuk Hastanesi, \u0130zmir \u00d6zel Kent Hastanesi, Hatay \u0130l Sa\u011fl\u0131k M\u00fcd\u00fcrl\u00fc\u011f\u00fc, Este World Sa\u011fl\u0131k Grubu, Derindere Hastanesi, \u0130EGM (30\u2019dan fazla ila\u00e7 firmas\u0131), \u0130stanbul Beyo\u011flu Kamu Hastaneleri Birli\u011fi, \u0130stanbul Anadolu Kuzey B\u00f6lgesi Kamu Hastaneleri Birli\u011fi, \u0130zmir Kuzey Kamu Hastaneleri Birli\u011fi (Toplam 19 Hastane), Ege \u00dcniversitesi Hastanesi, Buca Seyfi Demirsoy Devlet Hastanesi, \u0130zmir Huzurevi Ya\u015fl\u0131 Bak\u0131m ve Rehabilitasyon Merkez M\u00fcd\u00fcrl\u00fc\u011f\u00fc, Medifema Hastanesi<\/p>\n<p>&nbsp;<\/p>\n<h4>Public<\/h4>\n<p>\u0130\u00e7i\u015fleri Bakanl\u0131\u011f\u0131-N\u00fcfus ve Vatanda\u015fl\u0131k \u0130\u015fleri, G\u00d6\u00c7 \u0130daresi Ba\u015fkanl\u0131\u011f\u0131, Y\u00d6K, T\u00fcrkiye Cumhuriyeti Merkez Bankas\u0131, Bay\u0131nd\u0131rl\u0131k ve \u0130skan Bakanl\u0131\u011f\u0131, G\u00fcmr\u00fck M\u00fcste\u015farl\u0131\u011f\u0131, Sosyal Hizmetler \u00c7ocuk Esirgeme Kurumu, T\u00fcrkiye Petrolleri Petrol Da\u011f\u0131t\u0131m A\u015e, Telif Haklar\u0131 Genel M\u00fcd\u00fcrl\u00fc\u011f\u00fc, Bilim Sanayi ve Teknoloji Bakanl\u0131\u011f\u0131, Sivil Havac\u0131l\u0131k Genel M\u00fcd\u00fcrl\u00fc\u011f\u00fc, Aile ve Sosyal Politikalar Bakanl\u0131\u011f\u0131 \u0130zmir \u0130l M\u00fcd\u00fcrl\u00fc\u011f\u00fc, T\u00dcLOMSA\u015e, Tuzla Tapu M\u00fcd\u00fcrl\u00fc\u011f\u00fc, Bas\u0131n \u0130lan Kurumu, Etimesgut Tapu M\u00fcd\u00fcrl\u00fc\u011f\u00fc, Sincan Tapu M\u00fcd\u00fcrl\u00fc\u011f\u00fc, 14. B\u00f6lge Edirne Tapu M\u00fcd\u00fcrl\u00fc\u011f\u00fc, Vak\u0131flar 1.B\u00f6lge M\u00fcd\u00fcrl\u00fc\u011f\u00fc, Vak\u0131flar 2.B\u00f6lge M\u00fcd\u00fcrl\u00fc\u011f\u00fc, Vak\u0131flar \u0130zmir B\u00f6lge M\u00fcd\u00fcrl\u00fc\u011f\u00fc, Milli Saraylar, Toplu Konut \u0130daresi Ba\u015fkanl\u0131\u011f\u0131 (TOK\u0130), \u0130SK\u0130, \u00c7al\u0131\u015fma Bakanl\u0131\u011f\u0131 Uluslararas\u0131 \u0130\u015f G\u00fcc\u00fc M\u00fcd\u00fcrl\u00fc\u011f\u00fc (\u00c7A\u015eGEM Devam ediyor), K\u0131r\u015fehir \u0130l \u00d6zel \u0130daresi (Devam ediyor)<\/p>\n<p>&nbsp;<\/p>\n<h4>Municipality<\/h4>\n<p>\u0130stanbul B\u00fcy\u00fck\u015fehir Belediyesi, \u0130stanbul Kad\u0131k\u00f6y Belediyesi, \u0130stanbul \u00dcmraniye Belediyesi, \u0130stanbul Kartal Belediyesi, \u0130stanbul Bak\u0131rk\u00f6y Belediyesi, Yalova Belediyesi, Trabzon Ortahisar Belediyesi, Eski\u015fehir Tepeba\u015f\u0131 Belediyesi, \u0130stanbul Fatih Belediyesi, T\u00fcrkiye Belediyeler Birli\u011fi, Ankara Ke\u00e7i\u00f6ren Belediyesi, Ankara Alt\u0131nda\u011f Belediyesi, Ankara \u00c7ankaya Belediyesi, Manisa B\u00fcy\u00fck\u015fehir Belediyesi, Adana Seyhan Belediyesi, \u0130zmir Bornova Belediyesi, \u0130zmir Konak Belediyesi, \u0130zmir Bayrakl\u0131[\/vc_column_text][\/vc_column][\/vc_row]<\/p>\n<\/div>","protected":false},"excerpt":{"rendered":"<p>[vc_row][vc_column][vc_row_inner][vc_column_inner width=&#8221;1\/2&#8243;][vc_column_text] &#8220;With the integrated document and archive management solution developed by KodA for our group companies T\u00fcrk Telekom, TTNet, and TT Mobil, along with the services provided, we have digitized our document processes and integrated them with our CRM systems. This has enhanced efficiency in our business workflows, improved compliance with BTK regulations, reduced [&hellip;]<\/p>\n","protected":false},"author":15,"featured_media":0,"parent":0,"menu_order":0,"comment_status":"closed","ping_status":"closed","template":"","meta":{"inline_featured_image":false,"footnotes":""},"_links":{"self":[{"href":"https:\/\/kod-a.com\/en\/wp-json\/wp\/v2\/pages\/15049"}],"collection":[{"href":"https:\/\/kod-a.com\/en\/wp-json\/wp\/v2\/pages"}],"about":[{"href":"https:\/\/kod-a.com\/en\/wp-json\/wp\/v2\/types\/page"}],"author":[{"embeddable":true,"href":"https:\/\/kod-a.com\/en\/wp-json\/wp\/v2\/users\/15"}],"replies":[{"embeddable":true,"href":"https:\/\/kod-a.com\/en\/wp-json\/wp\/v2\/comments?post=15049"}],"version-history":[{"count":6,"href":"https:\/\/kod-a.com\/en\/wp-json\/wp\/v2\/pages\/15049\/revisions"}],"predecessor-version":[{"id":15071,"href":"https:\/\/kod-a.com\/en\/wp-json\/wp\/v2\/pages\/15049\/revisions\/15071"}],"wp:attachment":[{"href":"https:\/\/kod-a.com\/en\/wp-json\/wp\/v2\/media?parent=15049"}],"curies":[{"name":"wp","href":"https:\/\/api.w.org\/{rel}","templated":true}]}}